{"id":155,"date":"2024-06-14T21:39:51","date_gmt":"2024-06-14T19:39:51","guid":{"rendered":"https:\/\/axeloudet.ovh\/?page_id=155"},"modified":"2025-05-22T10:21:52","modified_gmt":"2025-05-22T08:21:52","slug":"e4","status":"publish","type":"page","link":"https:\/\/axeloudet.ovh\/index.php\/e4\/","title":{"rendered":"E5"},"content":{"rendered":"\t\t<div data-elementor-type=\"wp-page\" data-elementor-id=\"155\" class=\"elementor elementor-155\">\n\t\t\t\t<div class=\"elementor-element elementor-element-d85fc45 e-flex e-con-boxed e-con e-parent\" data-id=\"d85fc45\" data-element_type=\"container\" data-e-type=\"container\">\n\t\t\t\t\t<div class=\"e-con-inner\">\n\t\t\t\t<div class=\"elementor-element elementor-element-9aa0a9e elementor-widget elementor-widget-heading\" data-id=\"9aa0a9e\" data-element_type=\"widget\" data-e-type=\"widget\" data-widget_type=\"heading.default\">\n\t\t\t\t<div class=\"elementor-widget-container\">\n\t\t\t\t\t<h2 class=\"elementor-heading-title elementor-size-default\">Epreuve E5<\/h2>\t\t\t\t<\/div>\n\t\t\t\t<\/div>\n\t\t\t\t\t<\/div>\n\t\t\t\t<\/div>\n\t\t<div class=\"elementor-element elementor-element-eba77bf e-flex e-con-boxed e-con e-parent\" data-id=\"eba77bf\" data-element_type=\"container\" data-e-type=\"container\">\n\t\t\t\t\t<div class=\"e-con-inner\">\n\t\t\t\t<div class=\"elementor-element elementor-element-97ee923 elementor-widget elementor-widget-text-editor\" data-id=\"97ee923\" data-element_type=\"widget\" data-e-type=\"widget\" data-widget_type=\"text-editor.default\">\n\t\t\t\t<div class=\"elementor-widget-container\">\n\t\t\t\t\t\t\t\t\t<p><a href=\"https:\/\/axeloudet.ovh\/wp-content\/uploads\/2025\/04\/tableau%20E5.pdf\">L&#8217;\u00e9preuve E5 du BTS SISR (Solutions d&#8217;Infrastructure, Syst\u00e8mes et R\u00e9seaux) est une \u00e9valuation pratique visant \u00e0 tester les aptitudes professionnelles des \u00e9tudiants en administration des syst\u00e8mes et r\u00e9seaux informatiques.<\/a><\/p><p>Le tableau de synth\u00e8se des t\u00e2ches professionnelles attendues dans cette \u00e9preuve, souvent d\u00e9sign\u00e9 comme \u00ab fiche d\u2019activit\u00e9s professionnelles \u00bb, d\u00e9taille les principales t\u00e2ches professionnelles que les \u00e9tudiants doivent \u00eatre en mesure de r\u00e9aliser au cours de l\u2019\u00e9valuation.<\/p>\t\t\t\t\t\t\t\t<\/div>\n\t\t\t\t<\/div>\n\t\t\t\t\t<\/div>\n\t\t\t\t<\/div>\n\t\t<div class=\"elementor-element elementor-element-11796b8 e-flex e-con-boxed e-con e-parent\" data-id=\"11796b8\" data-element_type=\"container\" data-e-type=\"container\">\n\t\t\t\t\t<div class=\"e-con-inner\">\n\t\t\t\t<div class=\"elementor-element elementor-element-fd6bf5c elementor-widget__width-initial elementor-widget elementor-widget-bae-excel-viewer\" data-id=\"fd6bf5c\" data-element_type=\"widget\" data-e-type=\"widget\" data-widget_type=\"bae-excel-viewer.default\">\n\t\t\t\t<div class=\"elementor-widget-container\">\n\t\t\t\t\t\t\t<div class=\"only_excel\">\r\n\t\t\t     \t\t<div class=\"download\">\r\n\t\t\t\t\t\t        \t<a download href=\"http:\/\/axeloudet.ovh\/wp-content\/uploads\/2025\/05\/tableau-E5.xlsx\" target=\"_blank\"><button class=\"bbutton-bottom\">Download Excel<\/button><\/a>\r\n\t     \t\t\t\t\t<\/div>\r\n\t\t<\/div>\r\n\t\t\t\t\t<div class=\"only_excel_viewer\">\r\n\t\t\t<iframe src=\"https:\/\/view.officeapps.live.com\/op\/embed.aspx?src=http:\/\/axeloudet.ovh\/wp-content\/uploads\/2025\/05\/tableau-E5.xlsx\" >\r\n\t\t\t<\/iframe>\r\n\t\t\t<\/div>\r\n\t\t\t\t\t\t<\/div>\n\t\t\t\t<\/div>\n\t\t\t\t\t<\/div>\n\t\t\t\t<\/div>\n\t\t\t\t<\/div>\n\t\t","protected":false},"excerpt":{"rendered":"<p>Epreuve E5 L&#8217;\u00e9preuve E5 du BTS SISR (Solutions d&#8217;Infrastructure, Syst\u00e8mes et R\u00e9seaux) est une \u00e9valuation pratique visant \u00e0 tester les aptitudes professionnelles des \u00e9tudiants en administration des syst\u00e8mes et r\u00e9seaux informatiques. Le tableau de synth\u00e8se des t\u00e2ches professionnelles attendues dans cette \u00e9preuve, souvent d\u00e9sign\u00e9 comme \u00ab fiche d\u2019activit\u00e9s professionnelles \u00bb, d\u00e9taille les principales t\u00e2ches professionnelles [&hellip;]<\/p>\n","protected":false},"author":2,"featured_media":0,"parent":0,"menu_order":0,"comment_status":"closed","ping_status":"closed","template":"","meta":{"_eb_attr":"","ocean_post_layout":"","ocean_both_sidebars_style":"","ocean_both_sidebars_content_width":0,"ocean_both_sidebars_sidebars_width":0,"ocean_sidebar":"","ocean_second_sidebar":"","ocean_disable_margins":"enable","ocean_add_body_class":"","ocean_shortcode_before_top_bar":"","ocean_shortcode_after_top_bar":"","ocean_shortcode_before_header":"","ocean_shortcode_after_header":"","ocean_has_shortcode":"","ocean_shortcode_after_title":"","ocean_shortcode_before_footer_widgets":"","ocean_shortcode_after_footer_widgets":"","ocean_shortcode_before_footer_bottom":"","ocean_shortcode_after_footer_bottom":"","ocean_display_top_bar":"default","ocean_display_header":"default","ocean_header_style":"","ocean_center_header_left_menu":"","ocean_custom_header_template":"","ocean_custom_logo":0,"ocean_custom_retina_logo":0,"ocean_custom_logo_max_width":0,"ocean_custom_logo_tablet_max_width":0,"ocean_custom_logo_mobile_max_width":0,"ocean_custom_logo_max_height":0,"ocean_custom_logo_tablet_max_height":0,"ocean_custom_logo_mobile_max_height":0,"ocean_header_custom_menu":"","ocean_menu_typo_font_family":"","ocean_menu_typo_font_subset":"","ocean_menu_typo_font_size":0,"ocean_menu_typo_font_size_tablet":0,"ocean_menu_typo_font_size_mobile":0,"ocean_menu_typo_font_size_unit":"px","ocean_menu_typo_font_weight":"","ocean_menu_typo_font_weight_tablet":"","ocean_menu_typo_font_weight_mobile":"","ocean_menu_typo_transform":"","ocean_menu_typo_transform_tablet":"","ocean_menu_typo_transform_mobile":"","ocean_menu_typo_line_height":0,"ocean_menu_typo_line_height_tablet":0,"ocean_menu_typo_line_height_mobile":0,"ocean_menu_typo_line_height_unit":"","ocean_menu_typo_spacing":0,"ocean_menu_typo_spacing_tablet":0,"ocean_menu_typo_spacing_mobile":0,"ocean_menu_typo_spacing_unit":"","ocean_menu_link_color":"","ocean_menu_link_color_hover":"","ocean_menu_link_color_active":"","ocean_menu_link_background":"","ocean_menu_link_hover_background":"","ocean_menu_link_active_background":"","ocean_menu_social_links_bg":"","ocean_menu_social_hover_links_bg":"","ocean_menu_social_links_color":"","ocean_menu_social_hover_links_color":"","ocean_disable_title":"default","ocean_disable_heading":"default","ocean_post_title":"","ocean_post_subheading":"","ocean_post_title_style":"","ocean_post_title_background_color":"","ocean_post_title_background":0,"ocean_post_title_bg_image_position":"","ocean_post_title_bg_image_attachment":"","ocean_post_title_bg_image_repeat":"","ocean_post_title_bg_image_size":"","ocean_post_title_height":0,"ocean_post_title_bg_overlay":0.5,"ocean_post_title_bg_overlay_color":"","ocean_disable_breadcrumbs":"default","ocean_breadcrumbs_color":"","ocean_breadcrumbs_separator_color":"","ocean_breadcrumbs_links_color":"","ocean_breadcrumbs_links_hover_color":"","ocean_display_footer_widgets":"default","ocean_display_footer_bottom":"default","ocean_custom_footer_template":"","footnotes":""},"class_list":["post-155","page","type-page","status-publish","hentry","entry"],"_links":{"self":[{"href":"https:\/\/axeloudet.ovh\/index.php\/wp-json\/wp\/v2\/pages\/155","targetHints":{"allow":["GET"]}}],"collection":[{"href":"https:\/\/axeloudet.ovh\/index.php\/wp-json\/wp\/v2\/pages"}],"about":[{"href":"https:\/\/axeloudet.ovh\/index.php\/wp-json\/wp\/v2\/types\/page"}],"author":[{"embeddable":true,"href":"https:\/\/axeloudet.ovh\/index.php\/wp-json\/wp\/v2\/users\/2"}],"replies":[{"embeddable":true,"href":"https:\/\/axeloudet.ovh\/index.php\/wp-json\/wp\/v2\/comments?post=155"}],"version-history":[{"count":104,"href":"https:\/\/axeloudet.ovh\/index.php\/wp-json\/wp\/v2\/pages\/155\/revisions"}],"predecessor-version":[{"id":737,"href":"https:\/\/axeloudet.ovh\/index.php\/wp-json\/wp\/v2\/pages\/155\/revisions\/737"}],"wp:attachment":[{"href":"https:\/\/axeloudet.ovh\/index.php\/wp-json\/wp\/v2\/media?parent=155"}],"curies":[{"name":"wp","href":"https:\/\/api.w.org\/{rel}","templated":true}]}}